{"id":5891,"date":"2022-10-12T14:35:23","date_gmt":"2022-10-12T12:35:23","guid":{"rendered":"https:\/\/soreco-group.com\/legal-information\/"},"modified":"2024-07-05T09:35:40","modified_gmt":"2024-07-05T07:35:40","slug":"informacao-legal","status":"publish","type":"page","link":"https:\/\/soreco-group.com\/pt-pt\/informacao-legal\/","title":{"rendered":"Informa\u00e7\u00e3o legal"},"content":{"rendered":"","protected":false},"excerpt":{"rendered":"","protected":false},"author":1,"featured_media":0,"parent":0,"menu_order":0,"comment_status":"closed","ping_status":"closed","template":"","meta":{"_acf_changed":false,"inline_featured_image":false,"footnotes":""},"class_list":["post-5891","page","type-page","status-publish","hentry"],"acf":[],"yoast_head":"<!-- This site is optimized with the Yoast SEO plugin v25.0 - https:\/\/yoast.com\/wordpress\/plugins\/seo\/ -->\n<title>Informa\u00e7\u00e3o legal | SORECO AUDITORIA empresa de contabilidade<\/title>\n<meta name=\"description\" content=\"SORECO AUDIT \u00e9 uma firma de contabilistas e advogados franceses com sede em Madrid, Mil\u00e3o, Lisboa e Barcelona.\" \/>\n<meta name=\"robots\" content=\"index, follow, max-snippet:-1, max-image-preview:large, max-video-preview:-1\" \/>\n<link rel=\"canonical\" href=\"https:\/\/soreco-group.com\/pt-pt\/informacao-legal\/\" \/>\n<meta property=\"og:locale\" content=\"pt_PT\" \/>\n<meta property=\"og:type\" content=\"article\" \/>\n<meta property=\"og:title\" content=\"Informa\u00e7\u00e3o legal | SORECO AUDITORIA empresa de contabilidade\" \/>\n<meta property=\"og:description\" content=\"SORECO AUDIT \u00e9 uma firma de contabilistas e advogados franceses com sede em Madrid, Mil\u00e3o, Lisboa e Barcelona.\" \/>\n<meta property=\"og:url\" content=\"https:\/\/soreco-group.com\/pt-pt\/informacao-legal\/\" \/>\n<meta property=\"og:site_name\" content=\"Soreco\" \/>\n<meta property=\"article:modified_time\" content=\"2024-07-05T07:35:40+00:00\" \/>\n<meta name=\"twitter:card\" content=\"summary_large_image\" \/>\n<script type=\"application\/ld+json\" class=\"yoast-schema-graph\">{\"@context\":\"https:\/\/schema.org\",\"@graph\":[{\"@type\":\"WebPage\",\"@id\":\"https:\/\/soreco-group.com\/pt-pt\/informacao-legal\/\",\"url\":\"https:\/\/soreco-group.com\/pt-pt\/informacao-legal\/\",\"name\":\"Informa\u00e7\u00e3o legal | SORECO AUDITORIA empresa de contabilidade\",\"isPartOf\":{\"@id\":\"https:\/\/soreco-group.com\/pt-pt\/#website\"},\"datePublished\":\"2022-10-12T12:35:23+00:00\",\"dateModified\":\"2024-07-05T07:35:40+00:00\",\"description\":\"SORECO AUDIT \u00e9 uma firma de contabilistas e advogados franceses com sede em Madrid, Mil\u00e3o, Lisboa e Barcelona.\",\"breadcrumb\":{\"@id\":\"https:\/\/soreco-group.com\/pt-pt\/informacao-legal\/#breadcrumb\"},\"inLanguage\":\"pt-PT\",\"potentialAction\":[{\"@type\":\"ReadAction\",\"target\":[\"https:\/\/soreco-group.com\/pt-pt\/informacao-legal\/\"]}]},{\"@type\":\"BreadcrumbList\",\"@id\":\"https:\/\/soreco-group.com\/pt-pt\/informacao-legal\/#breadcrumb\",\"itemListElement\":[{\"@type\":\"ListItem\",\"position\":1,\"name\":\"Accueil\",\"item\":\"https:\/\/soreco-group.com\/pt-pt\/\"},{\"@type\":\"ListItem\",\"position\":2,\"name\":\"Informa\u00e7\u00e3o legal\"}]},{\"@type\":\"WebSite\",\"@id\":\"https:\/\/soreco-group.com\/pt-pt\/#website\",\"url\":\"https:\/\/soreco-group.com\/pt-pt\/\",\"name\":\"Soreco\",\"description\":\"Experts-comptables et avocats en Espagne, en Italie et au Portugal\",\"potentialAction\":[{\"@type\":\"SearchAction\",\"target\":{\"@type\":\"EntryPoint\",\"urlTemplate\":\"https:\/\/soreco-group.com\/pt-pt\/?s={search_term_string}\"},\"query-input\":{\"@type\":\"PropertyValueSpecification\",\"valueRequired\":true,\"valueName\":\"search_term_string\"}}],\"inLanguage\":\"pt-PT\"}]}<\/script>\n<!-- \/ Yoast SEO plugin. -->","yoast_head_json":{"title":"Informa\u00e7\u00e3o legal | SORECO AUDITORIA empresa de contabilidade","description":"SORECO AUDIT \u00e9 uma firma de contabilistas e advogados franceses com sede em Madrid, Mil\u00e3o, Lisboa e Barcelona.","robots":{"index":"index","follow":"follow","max-snippet":"max-snippet:-1","max-image-preview":"max-image-preview:large","max-video-preview":"max-video-preview:-1"},"canonical":"https:\/\/soreco-group.com\/pt-pt\/informacao-legal\/","og_locale":"pt_PT","og_type":"article","og_title":"Informa\u00e7\u00e3o legal | SORECO AUDITORIA empresa de contabilidade","og_description":"SORECO AUDIT \u00e9 uma firma de contabilistas e advogados franceses com sede em Madrid, Mil\u00e3o, Lisboa e Barcelona.","og_url":"https:\/\/soreco-group.com\/pt-pt\/informacao-legal\/","og_site_name":"Soreco","article_modified_time":"2024-07-05T07:35:40+00:00","twitter_card":"summary_large_image","schema":{"@context":"https:\/\/schema.org","@graph":[{"@type":"WebPage","@id":"https:\/\/soreco-group.com\/pt-pt\/informacao-legal\/","url":"https:\/\/soreco-group.com\/pt-pt\/informacao-legal\/","name":"Informa\u00e7\u00e3o legal | SORECO AUDITORIA empresa de contabilidade","isPartOf":{"@id":"https:\/\/soreco-group.com\/pt-pt\/#website"},"datePublished":"2022-10-12T12:35:23+00:00","dateModified":"2024-07-05T07:35:40+00:00","description":"SORECO AUDIT \u00e9 uma firma de contabilistas e advogados franceses com sede em Madrid, Mil\u00e3o, Lisboa e Barcelona.","breadcrumb":{"@id":"https:\/\/soreco-group.com\/pt-pt\/informacao-legal\/#breadcrumb"},"inLanguage":"pt-PT","potentialAction":[{"@type":"ReadAction","target":["https:\/\/soreco-group.com\/pt-pt\/informacao-legal\/"]}]},{"@type":"BreadcrumbList","@id":"https:\/\/soreco-group.com\/pt-pt\/informacao-legal\/#breadcrumb","itemListElement":[{"@type":"ListItem","position":1,"name":"Accueil","item":"https:\/\/soreco-group.com\/pt-pt\/"},{"@type":"ListItem","position":2,"name":"Informa\u00e7\u00e3o legal"}]},{"@type":"WebSite","@id":"https:\/\/soreco-group.com\/pt-pt\/#website","url":"https:\/\/soreco-group.com\/pt-pt\/","name":"Soreco","description":"Experts-comptables et avocats en Espagne, en Italie et au Portugal","potentialAction":[{"@type":"SearchAction","target":{"@type":"EntryPoint","urlTemplate":"https:\/\/soreco-group.com\/pt-pt\/?s={search_term_string}"},"query-input":{"@type":"PropertyValueSpecification","valueRequired":true,"valueName":"search_term_string"}}],"inLanguage":"pt-PT"}]}},"_links":{"self":[{"href":"https:\/\/soreco-group.com\/pt-pt\/wp-json\/wp\/v2\/pages\/5891","targetHints":{"allow":["GET"]}}],"collection":[{"href":"https:\/\/soreco-group.com\/pt-pt\/wp-json\/wp\/v2\/pages"}],"about":[{"href":"https:\/\/soreco-group.com\/pt-pt\/wp-json\/wp\/v2\/types\/page"}],"author":[{"embeddable":true,"href":"https:\/\/soreco-group.com\/pt-pt\/wp-json\/wp\/v2\/users\/1"}],"replies":[{"embeddable":true,"href":"https:\/\/soreco-group.com\/pt-pt\/wp-json\/wp\/v2\/comments?post=5891"}],"version-history":[{"count":2,"href":"https:\/\/soreco-group.com\/pt-pt\/wp-json\/wp\/v2\/pages\/5891\/revisions"}],"predecessor-version":[{"id":6778,"href":"https:\/\/soreco-group.com\/pt-pt\/wp-json\/wp\/v2\/pages\/5891\/revisions\/6778"}],"wp:attachment":[{"href":"https:\/\/soreco-group.com\/pt-pt\/wp-json\/wp\/v2\/media?parent=5891"}],"curies":[{"name":"wp","href":"https:\/\/api.w.org\/{rel}","templated":true}]}}