{"id":1345,"date":"2022-06-02T10:21:52","date_gmt":"2022-06-02T08:21:52","guid":{"rendered":"https:\/\/soreco-group.com\/historique-soreco\/"},"modified":"2022-12-06T16:59:57","modified_gmt":"2022-12-06T15:59:57","slug":"historia-da-sociedade","status":"publish","type":"page","link":"https:\/\/soreco-group.com\/pt-pt\/sobre-nos\/historia-da-sociedade\/","title":{"rendered":"Hist\u00f3ria da sociedade"},"content":{"rendered":"","protected":false},"excerpt":{"rendered":"","protected":false},"author":1,"featured_media":4676,"parent":2470,"menu_order":0,"comment_status":"closed","ping_status":"closed","template":"","meta":{"_acf_changed":false,"inline_featured_image":false,"footnotes":""},"class_list":["post-1345","page","type-page","status-publish","has-post-thumbnail","hentry"],"acf":[],"yoast_head":"<!-- This site is optimized with the Yoast SEO plugin v25.0 - https:\/\/yoast.com\/wordpress\/plugins\/seo\/ -->\n<title>Hist\u00f3ria da sociedade | SORECO Revisores Oficiais de Contas em Espanha, It\u00e1lia e Portugal<\/title>\n<meta name=\"description\" content=\"Fundada em 2002 por iniciativa de St\u00e9phane DERUY, a sociedade sempre se especializou no aconselhamento a sociedades francesas e estrangeiras que investem em Espanha, It\u00e1lia e Portugal.\" \/>\n<meta name=\"robots\" content=\"index, follow, max-snippet:-1, max-image-preview:large, max-video-preview:-1\" \/>\n<link rel=\"canonical\" href=\"https:\/\/soreco-group.com\/pt-pt\/sobre-nos\/historia-da-sociedade\/\" \/>\n<meta property=\"og:locale\" content=\"pt_PT\" \/>\n<meta property=\"og:type\" content=\"article\" \/>\n<meta property=\"og:title\" content=\"Hist\u00f3ria da sociedade | SORECO Revisores Oficiais de Contas em Espanha, It\u00e1lia e Portugal\" \/>\n<meta property=\"og:description\" content=\"Fundada em 2002 por iniciativa de St\u00e9phane DERUY, a sociedade sempre se especializou no aconselhamento a sociedades francesas e estrangeiras que investem em Espanha, It\u00e1lia e Portugal.\" \/>\n<meta property=\"og:url\" content=\"https:\/\/soreco-group.com\/pt-pt\/sobre-nos\/historia-da-sociedade\/\" \/>\n<meta property=\"og:site_name\" content=\"Soreco\" \/>\n<meta property=\"article:modified_time\" content=\"2022-12-06T15:59:57+00:00\" \/>\n<meta property=\"og:image\" content=\"https:\/\/soreco-group.com\/wp-content\/uploads\/2022\/08\/3.jpg\" \/>\n\t<meta property=\"og:image:width\" content=\"510\" \/>\n\t<meta property=\"og:image:height\" content=\"550\" \/>\n\t<meta property=\"og:image:type\" content=\"image\/jpeg\" \/>\n<meta name=\"twitter:card\" content=\"summary_large_image\" \/>\n<script type=\"application\/ld+json\" class=\"yoast-schema-graph\">{\"@context\":\"https:\/\/schema.org\",\"@graph\":[{\"@type\":\"WebPage\",\"@id\":\"https:\/\/soreco-group.com\/pt-pt\/sobre-nos\/historia-da-sociedade\/\",\"url\":\"https:\/\/soreco-group.com\/pt-pt\/sobre-nos\/historia-da-sociedade\/\",\"name\":\"Hist\u00f3ria da sociedade | SORECO Revisores Oficiais de Contas em Espanha, It\u00e1lia e Portugal\",\"isPartOf\":{\"@id\":\"https:\/\/soreco-group.com\/pt-pt\/#website\"},\"primaryImageOfPage\":{\"@id\":\"https:\/\/soreco-group.com\/pt-pt\/sobre-nos\/historia-da-sociedade\/#primaryimage\"},\"image\":{\"@id\":\"https:\/\/soreco-group.com\/pt-pt\/sobre-nos\/historia-da-sociedade\/#primaryimage\"},\"thumbnailUrl\":\"https:\/\/soreco-group.com\/wp-content\/uploads\/2022\/08\/3.jpg\",\"datePublished\":\"2022-06-02T08:21:52+00:00\",\"dateModified\":\"2022-12-06T15:59:57+00:00\",\"description\":\"Fundada em 2002 por iniciativa de St\u00e9phane DERUY, a sociedade sempre se especializou no aconselhamento a sociedades francesas e estrangeiras que investem em Espanha, It\u00e1lia e Portugal.\",\"breadcrumb\":{\"@id\":\"https:\/\/soreco-group.com\/pt-pt\/sobre-nos\/historia-da-sociedade\/#breadcrumb\"},\"inLanguage\":\"pt-PT\",\"potentialAction\":[{\"@type\":\"ReadAction\",\"target\":[\"https:\/\/soreco-group.com\/pt-pt\/sobre-nos\/historia-da-sociedade\/\"]}]},{\"@type\":\"ImageObject\",\"inLanguage\":\"pt-PT\",\"@id\":\"https:\/\/soreco-group.com\/pt-pt\/sobre-nos\/historia-da-sociedade\/#primaryimage\",\"url\":\"https:\/\/soreco-group.com\/wp-content\/uploads\/2022\/08\/3.jpg\",\"contentUrl\":\"https:\/\/soreco-group.com\/wp-content\/uploads\/2022\/08\/3.jpg\",\"width\":510,\"height\":550},{\"@type\":\"BreadcrumbList\",\"@id\":\"https:\/\/soreco-group.com\/pt-pt\/sobre-nos\/historia-da-sociedade\/#breadcrumb\",\"itemListElement\":[{\"@type\":\"ListItem\",\"position\":1,\"name\":\"Accueil\",\"item\":\"https:\/\/soreco-group.com\/pt-pt\/\"},{\"@type\":\"ListItem\",\"position\":2,\"name\":\"Sobre n\u00f3s\",\"item\":\"https:\/\/soreco-group.com\/pt-pt\/sobre-nos\/\"},{\"@type\":\"ListItem\",\"position\":3,\"name\":\"Hist\u00f3ria da sociedade\"}]},{\"@type\":\"WebSite\",\"@id\":\"https:\/\/soreco-group.com\/pt-pt\/#website\",\"url\":\"https:\/\/soreco-group.com\/pt-pt\/\",\"name\":\"Soreco\",\"description\":\"Experts-comptables et avocats en Espagne, en Italie et au Portugal\",\"potentialAction\":[{\"@type\":\"SearchAction\",\"target\":{\"@type\":\"EntryPoint\",\"urlTemplate\":\"https:\/\/soreco-group.com\/pt-pt\/?s={search_term_string}\"},\"query-input\":{\"@type\":\"PropertyValueSpecification\",\"valueRequired\":true,\"valueName\":\"search_term_string\"}}],\"inLanguage\":\"pt-PT\"}]}<\/script>\n<!-- \/ Yoast SEO plugin. -->","yoast_head_json":{"title":"Hist\u00f3ria da sociedade | SORECO Revisores Oficiais de Contas em Espanha, It\u00e1lia e Portugal","description":"Fundada em 2002 por iniciativa de St\u00e9phane DERUY, a sociedade sempre se especializou no aconselhamento a sociedades francesas e estrangeiras que investem em Espanha, It\u00e1lia e Portugal.","robots":{"index":"index","follow":"follow","max-snippet":"max-snippet:-1","max-image-preview":"max-image-preview:large","max-video-preview":"max-video-preview:-1"},"canonical":"https:\/\/soreco-group.com\/pt-pt\/sobre-nos\/historia-da-sociedade\/","og_locale":"pt_PT","og_type":"article","og_title":"Hist\u00f3ria da sociedade | SORECO Revisores Oficiais de Contas em Espanha, It\u00e1lia e Portugal","og_description":"Fundada em 2002 por iniciativa de St\u00e9phane DERUY, a sociedade sempre se especializou no aconselhamento a sociedades francesas e estrangeiras que investem em Espanha, It\u00e1lia e Portugal.","og_url":"https:\/\/soreco-group.com\/pt-pt\/sobre-nos\/historia-da-sociedade\/","og_site_name":"Soreco","article_modified_time":"2022-12-06T15:59:57+00:00","og_image":[{"width":510,"height":550,"url":"https:\/\/soreco-group.com\/wp-content\/uploads\/2022\/08\/3.jpg","type":"image\/jpeg"}],"twitter_card":"summary_large_image","schema":{"@context":"https:\/\/schema.org","@graph":[{"@type":"WebPage","@id":"https:\/\/soreco-group.com\/pt-pt\/sobre-nos\/historia-da-sociedade\/","url":"https:\/\/soreco-group.com\/pt-pt\/sobre-nos\/historia-da-sociedade\/","name":"Hist\u00f3ria da sociedade | SORECO Revisores Oficiais de Contas em Espanha, It\u00e1lia e Portugal","isPartOf":{"@id":"https:\/\/soreco-group.com\/pt-pt\/#website"},"primaryImageOfPage":{"@id":"https:\/\/soreco-group.com\/pt-pt\/sobre-nos\/historia-da-sociedade\/#primaryimage"},"image":{"@id":"https:\/\/soreco-group.com\/pt-pt\/sobre-nos\/historia-da-sociedade\/#primaryimage"},"thumbnailUrl":"https:\/\/soreco-group.com\/wp-content\/uploads\/2022\/08\/3.jpg","datePublished":"2022-06-02T08:21:52+00:00","dateModified":"2022-12-06T15:59:57+00:00","description":"Fundada em 2002 por iniciativa de St\u00e9phane DERUY, a sociedade sempre se especializou no aconselhamento a sociedades francesas e estrangeiras que investem em Espanha, It\u00e1lia e Portugal.","breadcrumb":{"@id":"https:\/\/soreco-group.com\/pt-pt\/sobre-nos\/historia-da-sociedade\/#breadcrumb"},"inLanguage":"pt-PT","potentialAction":[{"@type":"ReadAction","target":["https:\/\/soreco-group.com\/pt-pt\/sobre-nos\/historia-da-sociedade\/"]}]},{"@type":"ImageObject","inLanguage":"pt-PT","@id":"https:\/\/soreco-group.com\/pt-pt\/sobre-nos\/historia-da-sociedade\/#primaryimage","url":"https:\/\/soreco-group.com\/wp-content\/uploads\/2022\/08\/3.jpg","contentUrl":"https:\/\/soreco-group.com\/wp-content\/uploads\/2022\/08\/3.jpg","width":510,"height":550},{"@type":"BreadcrumbList","@id":"https:\/\/soreco-group.com\/pt-pt\/sobre-nos\/historia-da-sociedade\/#breadcrumb","itemListElement":[{"@type":"ListItem","position":1,"name":"Accueil","item":"https:\/\/soreco-group.com\/pt-pt\/"},{"@type":"ListItem","position":2,"name":"Sobre n\u00f3s","item":"https:\/\/soreco-group.com\/pt-pt\/sobre-nos\/"},{"@type":"ListItem","position":3,"name":"Hist\u00f3ria da sociedade"}]},{"@type":"WebSite","@id":"https:\/\/soreco-group.com\/pt-pt\/#website","url":"https:\/\/soreco-group.com\/pt-pt\/","name":"Soreco","description":"Experts-comptables et avocats en Espagne, en Italie et au Portugal","potentialAction":[{"@type":"SearchAction","target":{"@type":"EntryPoint","urlTemplate":"https:\/\/soreco-group.com\/pt-pt\/?s={search_term_string}"},"query-input":{"@type":"PropertyValueSpecification","valueRequired":true,"valueName":"search_term_string"}}],"inLanguage":"pt-PT"}]}},"_links":{"self":[{"href":"https:\/\/soreco-group.com\/pt-pt\/wp-json\/wp\/v2\/pages\/1345","targetHints":{"allow":["GET"]}}],"collection":[{"href":"https:\/\/soreco-group.com\/pt-pt\/wp-json\/wp\/v2\/pages"}],"about":[{"href":"https:\/\/soreco-group.com\/pt-pt\/wp-json\/wp\/v2\/types\/page"}],"author":[{"embeddable":true,"href":"https:\/\/soreco-group.com\/pt-pt\/wp-json\/wp\/v2\/users\/1"}],"replies":[{"embeddable":true,"href":"https:\/\/soreco-group.com\/pt-pt\/wp-json\/wp\/v2\/comments?post=1345"}],"version-history":[{"count":4,"href":"https:\/\/soreco-group.com\/pt-pt\/wp-json\/wp\/v2\/pages\/1345\/revisions"}],"predecessor-version":[{"id":6023,"href":"https:\/\/soreco-group.com\/pt-pt\/wp-json\/wp\/v2\/pages\/1345\/revisions\/6023"}],"up":[{"embeddable":true,"href":"https:\/\/soreco-group.com\/pt-pt\/wp-json\/wp\/v2\/pages\/2470"}],"wp:featuredmedia":[{"embeddable":true,"href":"https:\/\/soreco-group.com\/pt-pt\/wp-json\/wp\/v2\/media\/4676"}],"wp:attachment":[{"href":"https:\/\/soreco-group.com\/pt-pt\/wp-json\/wp\/v2\/media?parent=1345"}],"curies":[{"name":"wp","href":"https:\/\/api.w.org\/{rel}","templated":true}]}}