{"id":1320,"date":"2022-06-08T15:05:42","date_gmt":"2022-06-08T13:05:42","guid":{"rendered":"https:\/\/soreco-group.com\/contactez-nous\/"},"modified":"2024-10-02T10:08:03","modified_gmt":"2024-10-02T08:08:03","slug":"contacte-nos","status":"publish","type":"page","link":"https:\/\/soreco-group.com\/pt-pt\/contacte-nos\/","title":{"rendered":"Contacte-nos"},"content":{"rendered":"","protected":false},"excerpt":{"rendered":"","protected":false},"author":1,"featured_media":5027,"parent":0,"menu_order":0,"comment_status":"closed","ping_status":"closed","template":"page-templates\/contact.php","meta":{"_acf_changed":false,"inline_featured_image":false,"footnotes":""},"class_list":["post-1320","page","type-page","status-publish","has-post-thumbnail","hentry"],"acf":[],"yoast_head":"<!-- This site is optimized with the Yoast SEO plugin v25.0 - https:\/\/yoast.com\/wordpress\/plugins\/seo\/ -->\n<title>Contactar SORECO, uma sociedade francesa de revis\u00e3o oficial de contas e advocacia sediada em Madrid, Mil\u00e3o, Lisboa e Barcelona<\/title>\n<meta name=\"description\" content=\"Contacte a SORECO, uma sociedade francesa de revis\u00e3o oficial de contas e advocacia sediada em Madrid, Mil\u00e3o, Lisboa e Barcelona\" \/>\n<meta name=\"robots\" content=\"index, follow, max-snippet:-1, max-image-preview:large, max-video-preview:-1\" \/>\n<link rel=\"canonical\" href=\"https:\/\/soreco-group.com\/pt-pt\/contacte-nos\/\" \/>\n<meta property=\"og:locale\" content=\"pt_PT\" \/>\n<meta property=\"og:type\" content=\"article\" \/>\n<meta property=\"og:title\" content=\"Contactar SORECO, uma sociedade francesa de revis\u00e3o oficial de contas e advocacia sediada em Madrid, Mil\u00e3o, Lisboa e Barcelona\" \/>\n<meta property=\"og:description\" content=\"Contacte a SORECO, uma sociedade francesa de revis\u00e3o oficial de contas e advocacia sediada em Madrid, Mil\u00e3o, Lisboa e Barcelona\" \/>\n<meta property=\"og:url\" content=\"https:\/\/soreco-group.com\/pt-pt\/contacte-nos\/\" \/>\n<meta property=\"og:site_name\" content=\"Soreco\" \/>\n<meta property=\"article:modified_time\" content=\"2024-10-02T08:08:03+00:00\" \/>\n<meta property=\"og:image\" content=\"https:\/\/soreco-group.com\/wp-content\/uploads\/2022\/08\/contact.png\" \/>\n\t<meta property=\"og:image:width\" content=\"510\" \/>\n\t<meta property=\"og:image:height\" content=\"550\" \/>\n\t<meta property=\"og:image:type\" content=\"image\/png\" \/>\n<meta name=\"twitter:card\" content=\"summary_large_image\" \/>\n<meta name=\"twitter:label1\" content=\"Tempo estimado de leitura\" \/>\n\t<meta name=\"twitter:data1\" content=\"1 minuto\" \/>\n<script type=\"application\/ld+json\" class=\"yoast-schema-graph\">{\"@context\":\"https:\/\/schema.org\",\"@graph\":[{\"@type\":\"WebPage\",\"@id\":\"https:\/\/soreco-group.com\/pt-pt\/contacte-nos\/\",\"url\":\"https:\/\/soreco-group.com\/pt-pt\/contacte-nos\/\",\"name\":\"Contactar SORECO, uma sociedade francesa de revis\u00e3o oficial de contas e advocacia sediada em Madrid, Mil\u00e3o, Lisboa e Barcelona\",\"isPartOf\":{\"@id\":\"https:\/\/soreco-group.com\/pt-pt\/#website\"},\"primaryImageOfPage\":{\"@id\":\"https:\/\/soreco-group.com\/pt-pt\/contacte-nos\/#primaryimage\"},\"image\":{\"@id\":\"https:\/\/soreco-group.com\/pt-pt\/contacte-nos\/#primaryimage\"},\"thumbnailUrl\":\"https:\/\/soreco-group.com\/wp-content\/uploads\/2022\/08\/contact.png\",\"datePublished\":\"2022-06-08T13:05:42+00:00\",\"dateModified\":\"2024-10-02T08:08:03+00:00\",\"description\":\"Contacte a SORECO, uma sociedade francesa de revis\u00e3o oficial de contas e advocacia sediada em Madrid, Mil\u00e3o, Lisboa e Barcelona\",\"breadcrumb\":{\"@id\":\"https:\/\/soreco-group.com\/pt-pt\/contacte-nos\/#breadcrumb\"},\"inLanguage\":\"pt-PT\",\"potentialAction\":[{\"@type\":\"ReadAction\",\"target\":[\"https:\/\/soreco-group.com\/pt-pt\/contacte-nos\/\"]}]},{\"@type\":\"ImageObject\",\"inLanguage\":\"pt-PT\",\"@id\":\"https:\/\/soreco-group.com\/pt-pt\/contacte-nos\/#primaryimage\",\"url\":\"https:\/\/soreco-group.com\/wp-content\/uploads\/2022\/08\/contact.png\",\"contentUrl\":\"https:\/\/soreco-group.com\/wp-content\/uploads\/2022\/08\/contact.png\",\"width\":510,\"height\":550},{\"@type\":\"BreadcrumbList\",\"@id\":\"https:\/\/soreco-group.com\/pt-pt\/contacte-nos\/#breadcrumb\",\"itemListElement\":[{\"@type\":\"ListItem\",\"position\":1,\"name\":\"Accueil\",\"item\":\"https:\/\/soreco-group.com\/pt-pt\/\"},{\"@type\":\"ListItem\",\"position\":2,\"name\":\"Contacte-nos\"}]},{\"@type\":\"WebSite\",\"@id\":\"https:\/\/soreco-group.com\/pt-pt\/#website\",\"url\":\"https:\/\/soreco-group.com\/pt-pt\/\",\"name\":\"Soreco\",\"description\":\"Experts-comptables et avocats en Espagne, en Italie et au Portugal\",\"potentialAction\":[{\"@type\":\"SearchAction\",\"target\":{\"@type\":\"EntryPoint\",\"urlTemplate\":\"https:\/\/soreco-group.com\/pt-pt\/?s={search_term_string}\"},\"query-input\":{\"@type\":\"PropertyValueSpecification\",\"valueRequired\":true,\"valueName\":\"search_term_string\"}}],\"inLanguage\":\"pt-PT\"}]}<\/script>\n<!-- \/ Yoast SEO plugin. -->","yoast_head_json":{"title":"Contactar SORECO, uma sociedade francesa de revis\u00e3o oficial de contas e advocacia sediada em Madrid, Mil\u00e3o, Lisboa e Barcelona","description":"Contacte a SORECO, uma sociedade francesa de revis\u00e3o oficial de contas e advocacia sediada em Madrid, Mil\u00e3o, Lisboa e Barcelona","robots":{"index":"index","follow":"follow","max-snippet":"max-snippet:-1","max-image-preview":"max-image-preview:large","max-video-preview":"max-video-preview:-1"},"canonical":"https:\/\/soreco-group.com\/pt-pt\/contacte-nos\/","og_locale":"pt_PT","og_type":"article","og_title":"Contactar SORECO, uma sociedade francesa de revis\u00e3o oficial de contas e advocacia sediada em Madrid, Mil\u00e3o, Lisboa e Barcelona","og_description":"Contacte a SORECO, uma sociedade francesa de revis\u00e3o oficial de contas e advocacia sediada em Madrid, Mil\u00e3o, Lisboa e Barcelona","og_url":"https:\/\/soreco-group.com\/pt-pt\/contacte-nos\/","og_site_name":"Soreco","article_modified_time":"2024-10-02T08:08:03+00:00","og_image":[{"width":510,"height":550,"url":"https:\/\/soreco-group.com\/wp-content\/uploads\/2022\/08\/contact.png","type":"image\/png"}],"twitter_card":"summary_large_image","twitter_misc":{"Tempo estimado de leitura":"1 minuto"},"schema":{"@context":"https:\/\/schema.org","@graph":[{"@type":"WebPage","@id":"https:\/\/soreco-group.com\/pt-pt\/contacte-nos\/","url":"https:\/\/soreco-group.com\/pt-pt\/contacte-nos\/","name":"Contactar SORECO, uma sociedade francesa de revis\u00e3o oficial de contas e advocacia sediada em Madrid, Mil\u00e3o, Lisboa e Barcelona","isPartOf":{"@id":"https:\/\/soreco-group.com\/pt-pt\/#website"},"primaryImageOfPage":{"@id":"https:\/\/soreco-group.com\/pt-pt\/contacte-nos\/#primaryimage"},"image":{"@id":"https:\/\/soreco-group.com\/pt-pt\/contacte-nos\/#primaryimage"},"thumbnailUrl":"https:\/\/soreco-group.com\/wp-content\/uploads\/2022\/08\/contact.png","datePublished":"2022-06-08T13:05:42+00:00","dateModified":"2024-10-02T08:08:03+00:00","description":"Contacte a SORECO, uma sociedade francesa de revis\u00e3o oficial de contas e advocacia sediada em Madrid, Mil\u00e3o, Lisboa e Barcelona","breadcrumb":{"@id":"https:\/\/soreco-group.com\/pt-pt\/contacte-nos\/#breadcrumb"},"inLanguage":"pt-PT","potentialAction":[{"@type":"ReadAction","target":["https:\/\/soreco-group.com\/pt-pt\/contacte-nos\/"]}]},{"@type":"ImageObject","inLanguage":"pt-PT","@id":"https:\/\/soreco-group.com\/pt-pt\/contacte-nos\/#primaryimage","url":"https:\/\/soreco-group.com\/wp-content\/uploads\/2022\/08\/contact.png","contentUrl":"https:\/\/soreco-group.com\/wp-content\/uploads\/2022\/08\/contact.png","width":510,"height":550},{"@type":"BreadcrumbList","@id":"https:\/\/soreco-group.com\/pt-pt\/contacte-nos\/#breadcrumb","itemListElement":[{"@type":"ListItem","position":1,"name":"Accueil","item":"https:\/\/soreco-group.com\/pt-pt\/"},{"@type":"ListItem","position":2,"name":"Contacte-nos"}]},{"@type":"WebSite","@id":"https:\/\/soreco-group.com\/pt-pt\/#website","url":"https:\/\/soreco-group.com\/pt-pt\/","name":"Soreco","description":"Experts-comptables et avocats en Espagne, en Italie et au Portugal","potentialAction":[{"@type":"SearchAction","target":{"@type":"EntryPoint","urlTemplate":"https:\/\/soreco-group.com\/pt-pt\/?s={search_term_string}"},"query-input":{"@type":"PropertyValueSpecification","valueRequired":true,"valueName":"search_term_string"}}],"inLanguage":"pt-PT"}]}},"_links":{"self":[{"href":"https:\/\/soreco-group.com\/pt-pt\/wp-json\/wp\/v2\/pages\/1320","targetHints":{"allow":["GET"]}}],"collection":[{"href":"https:\/\/soreco-group.com\/pt-pt\/wp-json\/wp\/v2\/pages"}],"about":[{"href":"https:\/\/soreco-group.com\/pt-pt\/wp-json\/wp\/v2\/types\/page"}],"author":[{"embeddable":true,"href":"https:\/\/soreco-group.com\/pt-pt\/wp-json\/wp\/v2\/users\/1"}],"replies":[{"embeddable":true,"href":"https:\/\/soreco-group.com\/pt-pt\/wp-json\/wp\/v2\/comments?post=1320"}],"version-history":[{"count":19,"href":"https:\/\/soreco-group.com\/pt-pt\/wp-json\/wp\/v2\/pages\/1320\/revisions"}],"predecessor-version":[{"id":6845,"href":"https:\/\/soreco-group.com\/pt-pt\/wp-json\/wp\/v2\/pages\/1320\/revisions\/6845"}],"wp:featuredmedia":[{"embeddable":true,"href":"https:\/\/soreco-group.com\/pt-pt\/wp-json\/wp\/v2\/media\/5027"}],"wp:attachment":[{"href":"https:\/\/soreco-group.com\/pt-pt\/wp-json\/wp\/v2\/media?parent=1320"}],"curies":[{"name":"wp","href":"https:\/\/api.w.org\/{rel}","templated":true}]}}