{"id":1346,"date":"2022-06-02T10:21:52","date_gmt":"2022-06-02T08:21:52","guid":{"rendered":"https:\/\/soreco-group.com\/historique-soreco\/"},"modified":"2022-12-06T17:07:47","modified_gmt":"2022-12-06T16:07:47","slug":"trayectoria-de-la-firma","status":"publish","type":"page","link":"https:\/\/soreco-group.com\/es\/sobre-nosotros\/trayectoria-de-la-firma\/","title":{"rendered":"Soreco, en pocas palabras"},"content":{"rendered":"<p><b>SORECO <\/b><b>AUDIT<\/b><b> es una firma de <\/b><span style=\"font-weight: 400;\">expertos contables<\/span> <b>y abogados franceses con sede en Espa\u00f1a, Italia y Portugal.<\/b><\/p>\n<p><span style=\"font-weight: 400;\">\u00a0<\/span><\/p>\n<p><span style=\"font-weight: 400;\">El despacho, fundado<\/span><span style=\"font-weight: 400;\"> en 2002 por iniciativa de St\u00e9phane DERUY, siempre ha estado especializada en el <\/span><b>asesoramiento a empresas francesas y extranjeras que invierten en Espa\u00f1a, Italia y Portugal.<\/b><span style=\"font-weight: 400;\"> Con nuestros socios Brigitte BABOUL\u00c8NE, para la parte jur\u00eddica, y Xavier HECKLER, para la parte de contabilidad, nos hemos especializado en la constituci\u00f3n de sociedades, as\u00ed como en el seguimiento contable, fiscal, laboral y jur\u00eddico de filiales de empresas francesas en Espa\u00f1a, Portugal e Italia.<\/span><\/p>\n<p><span style=\"font-weight: 400;\">\u00a0<\/span><\/p>\n<p><span style=\"font-weight: 400;\">Fundado<\/span><span style=\"font-weight: 400;\"> primero en Madrid, SORECO ha expandido gradualmente sus actividades a toda Espa\u00f1a y, despu\u00e9s, a Portugal e Italia. Actualmente, somos<\/span> <b>el despacho<\/b><b> l\u00edder en servicios para empresas francesas y extranjeras.<\/b><span style=\"font-weight: 400;\"> Tras 20 a\u00f1os de crecimiento constante, la asociaci\u00f3n con un nuevo contable, Alexis MAGIE, nos llev\u00f3 a abrir oficinas en Barcelona en 2012 y en Lisboa en 2014. Al finalizar 2015, atravesamos una nueva etapa y abrimos una firma de contabilidad en Mil\u00e1n. \u00a0<\/span><\/p>\n<p><span style=\"font-weight: 400;\"><br \/>\n<\/span><span style=\"font-weight: 400;\">Sectores de actividad variados y clientes renombrados<\/span><\/p>\n<p><span style=\"font-weight: 400;\">La clientela <\/span><span style=\"font-weight: 400;\">del despacho<\/span><span style=\"font-weight: 400;\"> se compone principalmente de filiales de empresas francesas y extranjeras renombradas. SORECO cuenta actualmente con m\u00e1s de 500 clientes y opera en sectores de actividad muy variados:<\/span><\/p>\n","protected":false},"excerpt":{"rendered":"<p>SORECO AUDIT es una firma de expertos contables y abogados franceses con sede en Espa\u00f1a, Italia y Portugal. \u00a0 El despacho, fundado en 2002 por iniciativa de St\u00e9phane DERUY, siempre ha estado especializada en el asesoramiento a empresas francesas y extranjeras que invierten en Espa\u00f1a, Italia y Portugal. Con nuestros socios Brigitte BABOUL\u00c8NE, para la [&hellip;]<\/p>\n","protected":false},"author":1,"featured_media":4677,"parent":2472,"menu_order":0,"comment_status":"closed","ping_status":"closed","template":"","meta":{"_acf_changed":false,"inline_featured_image":false,"footnotes":""},"class_list":["post-1346","page","type-page","status-publish","has-post-thumbnail","hentry"],"acf":[],"yoast_head":"<!-- This site is optimized with the Yoast SEO plugin v25.0 - https:\/\/yoast.com\/wordpress\/plugins\/seo\/ -->\n<title>Historia de la asesor\u00eda | SORECO, expertos contables en Espa\u00f1a, Italia y Portugal<\/title>\n<meta name=\"description\" content=\"La firma, fundada en 2002 por iniciativa de St\u00e9phane DERUY, siempre ha estado especializada en el asesoramiento a empresas francesas y extranjeras.\" \/>\n<meta name=\"robots\" content=\"index, follow, max-snippet:-1, max-image-preview:large, max-video-preview:-1\" \/>\n<link rel=\"canonical\" href=\"https:\/\/soreco-group.com\/es\/sobre-nosotros\/trayectoria-de-la-firma\/\" \/>\n<meta property=\"og:locale\" content=\"es_ES\" \/>\n<meta property=\"og:type\" content=\"article\" \/>\n<meta property=\"og:title\" content=\"Historia de la asesor\u00eda | SORECO, expertos contables en Espa\u00f1a, Italia y Portugal\" \/>\n<meta property=\"og:description\" content=\"La firma, fundada en 2002 por iniciativa de St\u00e9phane DERUY, siempre ha estado especializada en el asesoramiento a empresas francesas y extranjeras.\" \/>\n<meta property=\"og:url\" content=\"https:\/\/soreco-group.com\/es\/sobre-nosotros\/trayectoria-de-la-firma\/\" \/>\n<meta property=\"og:site_name\" content=\"Soreco\" \/>\n<meta property=\"article:modified_time\" content=\"2022-12-06T16:07:47+00:00\" \/>\n<meta property=\"og:image\" content=\"https:\/\/soreco-group.com\/wp-content\/uploads\/2022\/08\/3.jpg\" \/>\n\t<meta property=\"og:image:width\" content=\"510\" \/>\n\t<meta property=\"og:image:height\" content=\"550\" \/>\n\t<meta property=\"og:image:type\" content=\"image\/jpeg\" \/>\n<meta name=\"twitter:card\" content=\"summary_large_image\" \/>\n<meta name=\"twitter:label1\" content=\"Tiempo de lectura\" \/>\n\t<meta name=\"twitter:data1\" content=\"2 minutos\" \/>\n<script type=\"application\/ld+json\" class=\"yoast-schema-graph\">{\"@context\":\"https:\/\/schema.org\",\"@graph\":[{\"@type\":\"WebPage\",\"@id\":\"https:\/\/soreco-group.com\/es\/sobre-nosotros\/trayectoria-de-la-firma\/\",\"url\":\"https:\/\/soreco-group.com\/es\/sobre-nosotros\/trayectoria-de-la-firma\/\",\"name\":\"Historia de la asesor\u00eda | SORECO, expertos contables en Espa\u00f1a, Italia y Portugal\",\"isPartOf\":{\"@id\":\"https:\/\/soreco-group.com\/es\/#website\"},\"primaryImageOfPage\":{\"@id\":\"https:\/\/soreco-group.com\/es\/sobre-nosotros\/trayectoria-de-la-firma\/#primaryimage\"},\"image\":{\"@id\":\"https:\/\/soreco-group.com\/es\/sobre-nosotros\/trayectoria-de-la-firma\/#primaryimage\"},\"thumbnailUrl\":\"https:\/\/soreco-group.com\/wp-content\/uploads\/2022\/08\/3.jpg\",\"datePublished\":\"2022-06-02T08:21:52+00:00\",\"dateModified\":\"2022-12-06T16:07:47+00:00\",\"description\":\"La firma, fundada en 2002 por iniciativa de St\u00e9phane DERUY, siempre ha estado especializada en el asesoramiento a empresas francesas y extranjeras.\",\"breadcrumb\":{\"@id\":\"https:\/\/soreco-group.com\/es\/sobre-nosotros\/trayectoria-de-la-firma\/#breadcrumb\"},\"inLanguage\":\"es\",\"potentialAction\":[{\"@type\":\"ReadAction\",\"target\":[\"https:\/\/soreco-group.com\/es\/sobre-nosotros\/trayectoria-de-la-firma\/\"]}]},{\"@type\":\"ImageObject\",\"inLanguage\":\"es\",\"@id\":\"https:\/\/soreco-group.com\/es\/sobre-nosotros\/trayectoria-de-la-firma\/#primaryimage\",\"url\":\"https:\/\/soreco-group.com\/wp-content\/uploads\/2022\/08\/3.jpg\",\"contentUrl\":\"https:\/\/soreco-group.com\/wp-content\/uploads\/2022\/08\/3.jpg\",\"width\":510,\"height\":550},{\"@type\":\"BreadcrumbList\",\"@id\":\"https:\/\/soreco-group.com\/es\/sobre-nosotros\/trayectoria-de-la-firma\/#breadcrumb\",\"itemListElement\":[{\"@type\":\"ListItem\",\"position\":1,\"name\":\"Accueil\",\"item\":\"https:\/\/soreco-group.com\/es\/\"},{\"@type\":\"ListItem\",\"position\":2,\"name\":\"Sobre nosotros\",\"item\":\"https:\/\/soreco-group.com\/es\/sobre-nosotros\/\"},{\"@type\":\"ListItem\",\"position\":3,\"name\":\"Soreco, en pocas palabras\"}]},{\"@type\":\"WebSite\",\"@id\":\"https:\/\/soreco-group.com\/es\/#website\",\"url\":\"https:\/\/soreco-group.com\/es\/\",\"name\":\"Soreco\",\"description\":\"Experts-comptables et avocats en Espagne, en Italie et au Portugal\",\"potentialAction\":[{\"@type\":\"SearchAction\",\"target\":{\"@type\":\"EntryPoint\",\"urlTemplate\":\"https:\/\/soreco-group.com\/es\/?s={search_term_string}\"},\"query-input\":{\"@type\":\"PropertyValueSpecification\",\"valueRequired\":true,\"valueName\":\"search_term_string\"}}],\"inLanguage\":\"es\"}]}<\/script>\n<!-- \/ Yoast SEO plugin. -->","yoast_head_json":{"title":"Historia de la asesor\u00eda | SORECO, expertos contables en Espa\u00f1a, Italia y Portugal","description":"La firma, fundada en 2002 por iniciativa de St\u00e9phane DERUY, siempre ha estado especializada en el asesoramiento a empresas francesas y extranjeras.","robots":{"index":"index","follow":"follow","max-snippet":"max-snippet:-1","max-image-preview":"max-image-preview:large","max-video-preview":"max-video-preview:-1"},"canonical":"https:\/\/soreco-group.com\/es\/sobre-nosotros\/trayectoria-de-la-firma\/","og_locale":"es_ES","og_type":"article","og_title":"Historia de la asesor\u00eda | SORECO, expertos contables en Espa\u00f1a, Italia y Portugal","og_description":"La firma, fundada en 2002 por iniciativa de St\u00e9phane DERUY, siempre ha estado especializada en el asesoramiento a empresas francesas y extranjeras.","og_url":"https:\/\/soreco-group.com\/es\/sobre-nosotros\/trayectoria-de-la-firma\/","og_site_name":"Soreco","article_modified_time":"2022-12-06T16:07:47+00:00","og_image":[{"width":510,"height":550,"url":"https:\/\/soreco-group.com\/wp-content\/uploads\/2022\/08\/3.jpg","type":"image\/jpeg"}],"twitter_card":"summary_large_image","twitter_misc":{"Tiempo de lectura":"2 minutos"},"schema":{"@context":"https:\/\/schema.org","@graph":[{"@type":"WebPage","@id":"https:\/\/soreco-group.com\/es\/sobre-nosotros\/trayectoria-de-la-firma\/","url":"https:\/\/soreco-group.com\/es\/sobre-nosotros\/trayectoria-de-la-firma\/","name":"Historia de la asesor\u00eda | SORECO, expertos contables en Espa\u00f1a, Italia y Portugal","isPartOf":{"@id":"https:\/\/soreco-group.com\/es\/#website"},"primaryImageOfPage":{"@id":"https:\/\/soreco-group.com\/es\/sobre-nosotros\/trayectoria-de-la-firma\/#primaryimage"},"image":{"@id":"https:\/\/soreco-group.com\/es\/sobre-nosotros\/trayectoria-de-la-firma\/#primaryimage"},"thumbnailUrl":"https:\/\/soreco-group.com\/wp-content\/uploads\/2022\/08\/3.jpg","datePublished":"2022-06-02T08:21:52+00:00","dateModified":"2022-12-06T16:07:47+00:00","description":"La firma, fundada en 2002 por iniciativa de St\u00e9phane DERUY, siempre ha estado especializada en el asesoramiento a empresas francesas y extranjeras.","breadcrumb":{"@id":"https:\/\/soreco-group.com\/es\/sobre-nosotros\/trayectoria-de-la-firma\/#breadcrumb"},"inLanguage":"es","potentialAction":[{"@type":"ReadAction","target":["https:\/\/soreco-group.com\/es\/sobre-nosotros\/trayectoria-de-la-firma\/"]}]},{"@type":"ImageObject","inLanguage":"es","@id":"https:\/\/soreco-group.com\/es\/sobre-nosotros\/trayectoria-de-la-firma\/#primaryimage","url":"https:\/\/soreco-group.com\/wp-content\/uploads\/2022\/08\/3.jpg","contentUrl":"https:\/\/soreco-group.com\/wp-content\/uploads\/2022\/08\/3.jpg","width":510,"height":550},{"@type":"BreadcrumbList","@id":"https:\/\/soreco-group.com\/es\/sobre-nosotros\/trayectoria-de-la-firma\/#breadcrumb","itemListElement":[{"@type":"ListItem","position":1,"name":"Accueil","item":"https:\/\/soreco-group.com\/es\/"},{"@type":"ListItem","position":2,"name":"Sobre nosotros","item":"https:\/\/soreco-group.com\/es\/sobre-nosotros\/"},{"@type":"ListItem","position":3,"name":"Soreco, en pocas palabras"}]},{"@type":"WebSite","@id":"https:\/\/soreco-group.com\/es\/#website","url":"https:\/\/soreco-group.com\/es\/","name":"Soreco","description":"Experts-comptables et avocats en Espagne, en Italie et au Portugal","potentialAction":[{"@type":"SearchAction","target":{"@type":"EntryPoint","urlTemplate":"https:\/\/soreco-group.com\/es\/?s={search_term_string}"},"query-input":{"@type":"PropertyValueSpecification","valueRequired":true,"valueName":"search_term_string"}}],"inLanguage":"es"}]}},"_links":{"self":[{"href":"https:\/\/soreco-group.com\/es\/wp-json\/wp\/v2\/pages\/1346","targetHints":{"allow":["GET"]}}],"collection":[{"href":"https:\/\/soreco-group.com\/es\/wp-json\/wp\/v2\/pages"}],"about":[{"href":"https:\/\/soreco-group.com\/es\/wp-json\/wp\/v2\/types\/page"}],"author":[{"embeddable":true,"href":"https:\/\/soreco-group.com\/es\/wp-json\/wp\/v2\/users\/1"}],"replies":[{"embeddable":true,"href":"https:\/\/soreco-group.com\/es\/wp-json\/wp\/v2\/comments?post=1346"}],"version-history":[{"count":9,"href":"https:\/\/soreco-group.com\/es\/wp-json\/wp\/v2\/pages\/1346\/revisions"}],"predecessor-version":[{"id":6040,"href":"https:\/\/soreco-group.com\/es\/wp-json\/wp\/v2\/pages\/1346\/revisions\/6040"}],"up":[{"embeddable":true,"href":"https:\/\/soreco-group.com\/es\/wp-json\/wp\/v2\/pages\/2472"}],"wp:featuredmedia":[{"embeddable":true,"href":"https:\/\/soreco-group.com\/es\/wp-json\/wp\/v2\/media\/4677"}],"wp:attachment":[{"href":"https:\/\/soreco-group.com\/es\/wp-json\/wp\/v2\/media?parent=1346"}],"curies":[{"name":"wp","href":"https:\/\/api.w.org\/{rel}","templated":true}]}}