{"id":1343,"date":"2022-06-02T10:21:52","date_gmt":"2022-06-02T08:21:52","guid":{"rendered":"https:\/\/soreco-group.com\/historique-soreco\/"},"modified":"2022-08-09T14:26:13","modified_gmt":"2022-08-09T12:26:13","slug":"geschichte-der-kanzlei","status":"publish","type":"page","link":"https:\/\/soreco-group.com\/de\/ueber-uns\/geschichte-der-kanzlei\/","title":{"rendered":"Geschichte der Kanzlei"},"content":{"rendered":"","protected":false},"excerpt":{"rendered":"","protected":false},"author":1,"featured_media":4674,"parent":2465,"menu_order":0,"comment_status":"closed","ping_status":"closed","template":"","meta":{"_acf_changed":false,"inline_featured_image":false,"footnotes":""},"class_list":["post-1343","page","type-page","status-publish","has-post-thumbnail","hentry"],"acf":[],"yoast_head":"<!-- This site is optimized with the Yoast SEO plugin v25.0 - https:\/\/yoast.com\/wordpress\/plugins\/seo\/ -->\n<title>Geschichte der Kanzlei | SORECO Steuerberater und Wirtschaftspr\u00fcfer in Spanien, Italien und Portugal<\/title>\n<meta name=\"description\" content=\"Die Kanzlei wurde 2002 auf Initiative von St\u00e9phane DERUY gegr\u00fcndet und hat sich von Anfang an auf die Beratung franz\u00f6sischer und internationaler Unternehmen spezialisiert, die in Spanien, Italien und Portugal investieren.\" \/>\n<meta name=\"robots\" content=\"index, follow, max-snippet:-1, max-image-preview:large, max-video-preview:-1\" \/>\n<link rel=\"canonical\" href=\"https:\/\/soreco-group.com\/de\/ueber-uns\/geschichte-der-kanzlei\/\" \/>\n<meta property=\"og:locale\" content=\"de_DE\" \/>\n<meta property=\"og:type\" content=\"article\" \/>\n<meta property=\"og:title\" content=\"Geschichte der Kanzlei | SORECO Steuerberater und Wirtschaftspr\u00fcfer in Spanien, Italien und Portugal\" \/>\n<meta property=\"og:description\" content=\"Die Kanzlei wurde 2002 auf Initiative von St\u00e9phane DERUY gegr\u00fcndet und hat sich von Anfang an auf die Beratung franz\u00f6sischer und internationaler Unternehmen spezialisiert, die in Spanien, Italien und Portugal investieren.\" \/>\n<meta property=\"og:url\" content=\"https:\/\/soreco-group.com\/de\/ueber-uns\/geschichte-der-kanzlei\/\" \/>\n<meta property=\"og:site_name\" content=\"Soreco\" \/>\n<meta property=\"article:modified_time\" content=\"2022-08-09T12:26:13+00:00\" \/>\n<meta property=\"og:image\" content=\"https:\/\/soreco-group.com\/wp-content\/uploads\/2022\/05\/juridique.png\" \/>\n\t<meta property=\"og:image:width\" content=\"696\" \/>\n\t<meta property=\"og:image:height\" content=\"433\" \/>\n\t<meta property=\"og:image:type\" content=\"image\/png\" \/>\n<meta name=\"twitter:card\" content=\"summary_large_image\" \/>\n<script type=\"application\/ld+json\" class=\"yoast-schema-graph\">{\"@context\":\"https:\/\/schema.org\",\"@graph\":[{\"@type\":\"WebPage\",\"@id\":\"https:\/\/soreco-group.com\/de\/ueber-uns\/geschichte-der-kanzlei\/\",\"url\":\"https:\/\/soreco-group.com\/de\/ueber-uns\/geschichte-der-kanzlei\/\",\"name\":\"Geschichte der Kanzlei | SORECO Steuerberater und Wirtschaftspr\u00fcfer in Spanien, Italien und Portugal\",\"isPartOf\":{\"@id\":\"https:\/\/soreco-group.com\/de\/#website\"},\"primaryImageOfPage\":{\"@id\":\"https:\/\/soreco-group.com\/de\/ueber-uns\/geschichte-der-kanzlei\/#primaryimage\"},\"image\":{\"@id\":\"https:\/\/soreco-group.com\/de\/ueber-uns\/geschichte-der-kanzlei\/#primaryimage\"},\"thumbnailUrl\":\"https:\/\/soreco-group.com\/wp-content\/uploads\/2022\/08\/3.jpg\",\"datePublished\":\"2022-06-02T08:21:52+00:00\",\"dateModified\":\"2022-08-09T12:26:13+00:00\",\"description\":\"Die Kanzlei wurde 2002 auf Initiative von St\u00e9phane DERUY gegr\u00fcndet und hat sich von Anfang an auf die Beratung franz\u00f6sischer und internationaler Unternehmen spezialisiert, die in Spanien, Italien und Portugal investieren.\",\"breadcrumb\":{\"@id\":\"https:\/\/soreco-group.com\/de\/ueber-uns\/geschichte-der-kanzlei\/#breadcrumb\"},\"inLanguage\":\"de\",\"potentialAction\":[{\"@type\":\"ReadAction\",\"target\":[\"https:\/\/soreco-group.com\/de\/ueber-uns\/geschichte-der-kanzlei\/\"]}]},{\"@type\":\"ImageObject\",\"inLanguage\":\"de\",\"@id\":\"https:\/\/soreco-group.com\/de\/ueber-uns\/geschichte-der-kanzlei\/#primaryimage\",\"url\":\"https:\/\/soreco-group.com\/wp-content\/uploads\/2022\/08\/3.jpg\",\"contentUrl\":\"https:\/\/soreco-group.com\/wp-content\/uploads\/2022\/08\/3.jpg\",\"width\":510,\"height\":550},{\"@type\":\"BreadcrumbList\",\"@id\":\"https:\/\/soreco-group.com\/de\/ueber-uns\/geschichte-der-kanzlei\/#breadcrumb\",\"itemListElement\":[{\"@type\":\"ListItem\",\"position\":1,\"name\":\"Accueil\",\"item\":\"https:\/\/soreco-group.com\/de\/\"},{\"@type\":\"ListItem\",\"position\":2,\"name\":\"\u00dcber uns\",\"item\":\"https:\/\/soreco-group.com\/de\/ueber-uns\/\"},{\"@type\":\"ListItem\",\"position\":3,\"name\":\"Geschichte der Kanzlei\"}]},{\"@type\":\"WebSite\",\"@id\":\"https:\/\/soreco-group.com\/de\/#website\",\"url\":\"https:\/\/soreco-group.com\/de\/\",\"name\":\"Soreco\",\"description\":\"Experts-comptables et avocats en Espagne, en Italie et au Portugal\",\"potentialAction\":[{\"@type\":\"SearchAction\",\"target\":{\"@type\":\"EntryPoint\",\"urlTemplate\":\"https:\/\/soreco-group.com\/de\/?s={search_term_string}\"},\"query-input\":{\"@type\":\"PropertyValueSpecification\",\"valueRequired\":true,\"valueName\":\"search_term_string\"}}],\"inLanguage\":\"de\"}]}<\/script>\n<!-- \/ Yoast SEO plugin. -->","yoast_head_json":{"title":"Geschichte der Kanzlei | SORECO Steuerberater und Wirtschaftspr\u00fcfer in Spanien, Italien und Portugal","description":"Die Kanzlei wurde 2002 auf Initiative von St\u00e9phane DERUY gegr\u00fcndet und hat sich von Anfang an auf die Beratung franz\u00f6sischer und internationaler Unternehmen spezialisiert, die in Spanien, Italien und Portugal investieren.","robots":{"index":"index","follow":"follow","max-snippet":"max-snippet:-1","max-image-preview":"max-image-preview:large","max-video-preview":"max-video-preview:-1"},"canonical":"https:\/\/soreco-group.com\/de\/ueber-uns\/geschichte-der-kanzlei\/","og_locale":"de_DE","og_type":"article","og_title":"Geschichte der Kanzlei | SORECO Steuerberater und Wirtschaftspr\u00fcfer in Spanien, Italien und Portugal","og_description":"Die Kanzlei wurde 2002 auf Initiative von St\u00e9phane DERUY gegr\u00fcndet und hat sich von Anfang an auf die Beratung franz\u00f6sischer und internationaler Unternehmen spezialisiert, die in Spanien, Italien und Portugal investieren.","og_url":"https:\/\/soreco-group.com\/de\/ueber-uns\/geschichte-der-kanzlei\/","og_site_name":"Soreco","article_modified_time":"2022-08-09T12:26:13+00:00","og_image":[{"width":696,"height":433,"url":"https:\/\/soreco-group.com\/wp-content\/uploads\/2022\/05\/juridique.png","type":"image\/png"}],"twitter_card":"summary_large_image","schema":{"@context":"https:\/\/schema.org","@graph":[{"@type":"WebPage","@id":"https:\/\/soreco-group.com\/de\/ueber-uns\/geschichte-der-kanzlei\/","url":"https:\/\/soreco-group.com\/de\/ueber-uns\/geschichte-der-kanzlei\/","name":"Geschichte der Kanzlei | SORECO Steuerberater und Wirtschaftspr\u00fcfer in Spanien, Italien und Portugal","isPartOf":{"@id":"https:\/\/soreco-group.com\/de\/#website"},"primaryImageOfPage":{"@id":"https:\/\/soreco-group.com\/de\/ueber-uns\/geschichte-der-kanzlei\/#primaryimage"},"image":{"@id":"https:\/\/soreco-group.com\/de\/ueber-uns\/geschichte-der-kanzlei\/#primaryimage"},"thumbnailUrl":"https:\/\/soreco-group.com\/wp-content\/uploads\/2022\/08\/3.jpg","datePublished":"2022-06-02T08:21:52+00:00","dateModified":"2022-08-09T12:26:13+00:00","description":"Die Kanzlei wurde 2002 auf Initiative von St\u00e9phane DERUY gegr\u00fcndet und hat sich von Anfang an auf die Beratung franz\u00f6sischer und internationaler Unternehmen spezialisiert, die in Spanien, Italien und Portugal investieren.","breadcrumb":{"@id":"https:\/\/soreco-group.com\/de\/ueber-uns\/geschichte-der-kanzlei\/#breadcrumb"},"inLanguage":"de","potentialAction":[{"@type":"ReadAction","target":["https:\/\/soreco-group.com\/de\/ueber-uns\/geschichte-der-kanzlei\/"]}]},{"@type":"ImageObject","inLanguage":"de","@id":"https:\/\/soreco-group.com\/de\/ueber-uns\/geschichte-der-kanzlei\/#primaryimage","url":"https:\/\/soreco-group.com\/wp-content\/uploads\/2022\/08\/3.jpg","contentUrl":"https:\/\/soreco-group.com\/wp-content\/uploads\/2022\/08\/3.jpg","width":510,"height":550},{"@type":"BreadcrumbList","@id":"https:\/\/soreco-group.com\/de\/ueber-uns\/geschichte-der-kanzlei\/#breadcrumb","itemListElement":[{"@type":"ListItem","position":1,"name":"Accueil","item":"https:\/\/soreco-group.com\/de\/"},{"@type":"ListItem","position":2,"name":"\u00dcber uns","item":"https:\/\/soreco-group.com\/de\/ueber-uns\/"},{"@type":"ListItem","position":3,"name":"Geschichte der Kanzlei"}]},{"@type":"WebSite","@id":"https:\/\/soreco-group.com\/de\/#website","url":"https:\/\/soreco-group.com\/de\/","name":"Soreco","description":"Experts-comptables et avocats en Espagne, en Italie et au Portugal","potentialAction":[{"@type":"SearchAction","target":{"@type":"EntryPoint","urlTemplate":"https:\/\/soreco-group.com\/de\/?s={search_term_string}"},"query-input":{"@type":"PropertyValueSpecification","valueRequired":true,"valueName":"search_term_string"}}],"inLanguage":"de"}]}},"_links":{"self":[{"href":"https:\/\/soreco-group.com\/de\/wp-json\/wp\/v2\/pages\/1343","targetHints":{"allow":["GET"]}}],"collection":[{"href":"https:\/\/soreco-group.com\/de\/wp-json\/wp\/v2\/pages"}],"about":[{"href":"https:\/\/soreco-group.com\/de\/wp-json\/wp\/v2\/types\/page"}],"author":[{"embeddable":true,"href":"https:\/\/soreco-group.com\/de\/wp-json\/wp\/v2\/users\/1"}],"replies":[{"embeddable":true,"href":"https:\/\/soreco-group.com\/de\/wp-json\/wp\/v2\/comments?post=1343"}],"version-history":[{"count":2,"href":"https:\/\/soreco-group.com\/de\/wp-json\/wp\/v2\/pages\/1343\/revisions"}],"predecessor-version":[{"id":4218,"href":"https:\/\/soreco-group.com\/de\/wp-json\/wp\/v2\/pages\/1343\/revisions\/4218"}],"up":[{"embeddable":true,"href":"https:\/\/soreco-group.com\/de\/wp-json\/wp\/v2\/pages\/2465"}],"wp:featuredmedia":[{"embeddable":true,"href":"https:\/\/soreco-group.com\/de\/wp-json\/wp\/v2\/media\/4674"}],"wp:attachment":[{"href":"https:\/\/soreco-group.com\/de\/wp-json\/wp\/v2\/media?parent=1343"}],"curies":[{"name":"wp","href":"https:\/\/api.w.org\/{rel}","templated":true}]}}