{"id":1338,"date":"2022-06-02T10:22:32","date_gmt":"2022-06-02T08:22:32","guid":{"rendered":"https:\/\/soreco-group.com\/nos-bureaux\/"},"modified":"2023-06-08T11:49:42","modified_gmt":"2023-06-08T09:49:42","slug":"unsere-bueros","status":"publish","type":"page","link":"https:\/\/soreco-group.com\/de\/ueber-uns\/unsere-bueros\/","title":{"rendered":"Unsere B\u00fcros"},"content":{"rendered":"","protected":false},"excerpt":{"rendered":"","protected":false},"author":1,"featured_media":4680,"parent":2465,"menu_order":0,"comment_status":"closed","ping_status":"closed","template":"","meta":{"_acf_changed":false,"inline_featured_image":false,"footnotes":""},"class_list":["post-1338","page","type-page","status-publish","has-post-thumbnail","hentry"],"acf":[],"yoast_head":"<!-- This site is optimized with the Yoast SEO plugin v25.0 - https:\/\/yoast.com\/wordpress\/plugins\/seo\/ -->\n<title>Unsere B\u00fcros | SORECO Wirtschaftspr\u00fcfer in Spanien, Italien und Portugal<\/title>\n<meta name=\"description\" content=\"SORECO AUDIT ist eine franz\u00f6sische Kanzlei von Wirtschaftspr\u00fcfern und Rechtsanw\u00e4lten mit Sitz in Madrid, Mailand, Lissabon und Barcelona.\" \/>\n<meta name=\"robots\" content=\"index, follow, max-snippet:-1, max-image-preview:large, max-video-preview:-1\" \/>\n<link rel=\"canonical\" href=\"https:\/\/soreco-group.com\/de\/ueber-uns\/unsere-bueros\/\" \/>\n<meta property=\"og:locale\" content=\"de_DE\" \/>\n<meta property=\"og:type\" content=\"article\" \/>\n<meta property=\"og:title\" content=\"Unsere B\u00fcros | SORECO Wirtschaftspr\u00fcfer in Spanien, Italien und Portugal\" \/>\n<meta property=\"og:description\" content=\"SORECO AUDIT ist eine franz\u00f6sische Kanzlei von Wirtschaftspr\u00fcfern und Rechtsanw\u00e4lten mit Sitz in Madrid, Mailand, Lissabon und Barcelona.\" \/>\n<meta property=\"og:url\" content=\"https:\/\/soreco-group.com\/de\/ueber-uns\/unsere-bueros\/\" \/>\n<meta property=\"og:site_name\" content=\"Soreco\" \/>\n<meta property=\"article:modified_time\" content=\"2023-06-08T09:49:42+00:00\" \/>\n<meta property=\"og:image\" content=\"https:\/\/soreco-group.com\/wp-content\/uploads\/2022\/08\/4.jpg\" \/>\n\t<meta property=\"og:image:width\" content=\"510\" \/>\n\t<meta property=\"og:image:height\" content=\"550\" \/>\n\t<meta property=\"og:image:type\" content=\"image\/jpeg\" \/>\n<meta name=\"twitter:card\" content=\"summary_large_image\" \/>\n<script type=\"application\/ld+json\" class=\"yoast-schema-graph\">{\"@context\":\"https:\/\/schema.org\",\"@graph\":[{\"@type\":\"WebPage\",\"@id\":\"https:\/\/soreco-group.com\/de\/ueber-uns\/unsere-bueros\/\",\"url\":\"https:\/\/soreco-group.com\/de\/ueber-uns\/unsere-bueros\/\",\"name\":\"Unsere B\u00fcros | SORECO Wirtschaftspr\u00fcfer in Spanien, Italien und Portugal\",\"isPartOf\":{\"@id\":\"https:\/\/soreco-group.com\/de\/#website\"},\"primaryImageOfPage\":{\"@id\":\"https:\/\/soreco-group.com\/de\/ueber-uns\/unsere-bueros\/#primaryimage\"},\"image\":{\"@id\":\"https:\/\/soreco-group.com\/de\/ueber-uns\/unsere-bueros\/#primaryimage\"},\"thumbnailUrl\":\"https:\/\/soreco-group.com\/wp-content\/uploads\/2022\/08\/4.jpg\",\"datePublished\":\"2022-06-02T08:22:32+00:00\",\"dateModified\":\"2023-06-08T09:49:42+00:00\",\"description\":\"SORECO AUDIT ist eine franz\u00f6sische Kanzlei von Wirtschaftspr\u00fcfern und Rechtsanw\u00e4lten mit Sitz in Madrid, Mailand, Lissabon und Barcelona.\",\"breadcrumb\":{\"@id\":\"https:\/\/soreco-group.com\/de\/ueber-uns\/unsere-bueros\/#breadcrumb\"},\"inLanguage\":\"de\",\"potentialAction\":[{\"@type\":\"ReadAction\",\"target\":[\"https:\/\/soreco-group.com\/de\/ueber-uns\/unsere-bueros\/\"]}]},{\"@type\":\"ImageObject\",\"inLanguage\":\"de\",\"@id\":\"https:\/\/soreco-group.com\/de\/ueber-uns\/unsere-bueros\/#primaryimage\",\"url\":\"https:\/\/soreco-group.com\/wp-content\/uploads\/2022\/08\/4.jpg\",\"contentUrl\":\"https:\/\/soreco-group.com\/wp-content\/uploads\/2022\/08\/4.jpg\",\"width\":510,\"height\":550},{\"@type\":\"BreadcrumbList\",\"@id\":\"https:\/\/soreco-group.com\/de\/ueber-uns\/unsere-bueros\/#breadcrumb\",\"itemListElement\":[{\"@type\":\"ListItem\",\"position\":1,\"name\":\"Accueil\",\"item\":\"https:\/\/soreco-group.com\/de\/\"},{\"@type\":\"ListItem\",\"position\":2,\"name\":\"\u00dcber uns\",\"item\":\"https:\/\/soreco-group.com\/de\/ueber-uns\/\"},{\"@type\":\"ListItem\",\"position\":3,\"name\":\"Unsere B\u00fcros\"}]},{\"@type\":\"WebSite\",\"@id\":\"https:\/\/soreco-group.com\/de\/#website\",\"url\":\"https:\/\/soreco-group.com\/de\/\",\"name\":\"Soreco\",\"description\":\"Experts-comptables et avocats en Espagne, en Italie et au Portugal\",\"potentialAction\":[{\"@type\":\"SearchAction\",\"target\":{\"@type\":\"EntryPoint\",\"urlTemplate\":\"https:\/\/soreco-group.com\/de\/?s={search_term_string}\"},\"query-input\":{\"@type\":\"PropertyValueSpecification\",\"valueRequired\":true,\"valueName\":\"search_term_string\"}}],\"inLanguage\":\"de\"}]}<\/script>\n<!-- \/ Yoast SEO plugin. -->","yoast_head_json":{"title":"Unsere B\u00fcros | SORECO Wirtschaftspr\u00fcfer in Spanien, Italien und Portugal","description":"SORECO AUDIT ist eine franz\u00f6sische Kanzlei von Wirtschaftspr\u00fcfern und Rechtsanw\u00e4lten mit Sitz in Madrid, Mailand, Lissabon und Barcelona.","robots":{"index":"index","follow":"follow","max-snippet":"max-snippet:-1","max-image-preview":"max-image-preview:large","max-video-preview":"max-video-preview:-1"},"canonical":"https:\/\/soreco-group.com\/de\/ueber-uns\/unsere-bueros\/","og_locale":"de_DE","og_type":"article","og_title":"Unsere B\u00fcros | SORECO Wirtschaftspr\u00fcfer in Spanien, Italien und Portugal","og_description":"SORECO AUDIT ist eine franz\u00f6sische Kanzlei von Wirtschaftspr\u00fcfern und Rechtsanw\u00e4lten mit Sitz in Madrid, Mailand, Lissabon und Barcelona.","og_url":"https:\/\/soreco-group.com\/de\/ueber-uns\/unsere-bueros\/","og_site_name":"Soreco","article_modified_time":"2023-06-08T09:49:42+00:00","og_image":[{"width":510,"height":550,"url":"https:\/\/soreco-group.com\/wp-content\/uploads\/2022\/08\/4.jpg","type":"image\/jpeg"}],"twitter_card":"summary_large_image","schema":{"@context":"https:\/\/schema.org","@graph":[{"@type":"WebPage","@id":"https:\/\/soreco-group.com\/de\/ueber-uns\/unsere-bueros\/","url":"https:\/\/soreco-group.com\/de\/ueber-uns\/unsere-bueros\/","name":"Unsere B\u00fcros | SORECO Wirtschaftspr\u00fcfer in Spanien, Italien und Portugal","isPartOf":{"@id":"https:\/\/soreco-group.com\/de\/#website"},"primaryImageOfPage":{"@id":"https:\/\/soreco-group.com\/de\/ueber-uns\/unsere-bueros\/#primaryimage"},"image":{"@id":"https:\/\/soreco-group.com\/de\/ueber-uns\/unsere-bueros\/#primaryimage"},"thumbnailUrl":"https:\/\/soreco-group.com\/wp-content\/uploads\/2022\/08\/4.jpg","datePublished":"2022-06-02T08:22:32+00:00","dateModified":"2023-06-08T09:49:42+00:00","description":"SORECO AUDIT ist eine franz\u00f6sische Kanzlei von Wirtschaftspr\u00fcfern und Rechtsanw\u00e4lten mit Sitz in Madrid, Mailand, Lissabon und Barcelona.","breadcrumb":{"@id":"https:\/\/soreco-group.com\/de\/ueber-uns\/unsere-bueros\/#breadcrumb"},"inLanguage":"de","potentialAction":[{"@type":"ReadAction","target":["https:\/\/soreco-group.com\/de\/ueber-uns\/unsere-bueros\/"]}]},{"@type":"ImageObject","inLanguage":"de","@id":"https:\/\/soreco-group.com\/de\/ueber-uns\/unsere-bueros\/#primaryimage","url":"https:\/\/soreco-group.com\/wp-content\/uploads\/2022\/08\/4.jpg","contentUrl":"https:\/\/soreco-group.com\/wp-content\/uploads\/2022\/08\/4.jpg","width":510,"height":550},{"@type":"BreadcrumbList","@id":"https:\/\/soreco-group.com\/de\/ueber-uns\/unsere-bueros\/#breadcrumb","itemListElement":[{"@type":"ListItem","position":1,"name":"Accueil","item":"https:\/\/soreco-group.com\/de\/"},{"@type":"ListItem","position":2,"name":"\u00dcber uns","item":"https:\/\/soreco-group.com\/de\/ueber-uns\/"},{"@type":"ListItem","position":3,"name":"Unsere B\u00fcros"}]},{"@type":"WebSite","@id":"https:\/\/soreco-group.com\/de\/#website","url":"https:\/\/soreco-group.com\/de\/","name":"Soreco","description":"Experts-comptables et avocats en Espagne, en Italie et au Portugal","potentialAction":[{"@type":"SearchAction","target":{"@type":"EntryPoint","urlTemplate":"https:\/\/soreco-group.com\/de\/?s={search_term_string}"},"query-input":{"@type":"PropertyValueSpecification","valueRequired":true,"valueName":"search_term_string"}}],"inLanguage":"de"}]}},"_links":{"self":[{"href":"https:\/\/soreco-group.com\/de\/wp-json\/wp\/v2\/pages\/1338","targetHints":{"allow":["GET"]}}],"collection":[{"href":"https:\/\/soreco-group.com\/de\/wp-json\/wp\/v2\/pages"}],"about":[{"href":"https:\/\/soreco-group.com\/de\/wp-json\/wp\/v2\/types\/page"}],"author":[{"embeddable":true,"href":"https:\/\/soreco-group.com\/de\/wp-json\/wp\/v2\/users\/1"}],"replies":[{"embeddable":true,"href":"https:\/\/soreco-group.com\/de\/wp-json\/wp\/v2\/comments?post=1338"}],"version-history":[{"count":4,"href":"https:\/\/soreco-group.com\/de\/wp-json\/wp\/v2\/pages\/1338\/revisions"}],"predecessor-version":[{"id":6512,"href":"https:\/\/soreco-group.com\/de\/wp-json\/wp\/v2\/pages\/1338\/revisions\/6512"}],"up":[{"embeddable":true,"href":"https:\/\/soreco-group.com\/de\/wp-json\/wp\/v2\/pages\/2465"}],"wp:featuredmedia":[{"embeddable":true,"href":"https:\/\/soreco-group.com\/de\/wp-json\/wp\/v2\/media\/4680"}],"wp:attachment":[{"href":"https:\/\/soreco-group.com\/de\/wp-json\/wp\/v2\/media?parent=1338"}],"curies":[{"name":"wp","href":"https:\/\/api.w.org\/{rel}","templated":true}]}}