{"id":1323,"date":"2022-06-07T17:18:33","date_gmt":"2022-06-07T15:18:33","guid":{"rendered":"https:\/\/soreco-group.com\/equipe\/"},"modified":"2025-01-22T12:24:49","modified_gmt":"2025-01-22T11:24:49","slug":"team","status":"publish","type":"page","link":"https:\/\/soreco-group.com\/de\/team\/","title":{"rendered":"Team"},"content":{"rendered":"<p><span style=\"font-weight: 400;\">Alexandra hat einen Abschluss in Wirtschaftswissenschaften und ist zertifizierte Wirtschaftspr\u00fcferin in Portugal (Contabilista certificado). Alexandra hat \u00fcber 20 Jahre Berufserfahrung in portugiesischen und internationalen Wirtschaftspr\u00fcfungsgesellschaften. Nach mehr als 15 Jahren Erfahrung schloss sich Alexandra 2017 dem SORECO-Team an, um das Wachstum des B\u00fcros in Lissabon zu begleiten.<\/span><\/p>\n","protected":false},"excerpt":{"rendered":"<p>Alexandra hat einen Abschluss in Wirtschaftswissenschaften und ist zertifizierte Wirtschaftspr\u00fcferin in Portugal (Contabilista certificado). Alexandra hat \u00fcber 20 Jahre Berufserfahrung in portugiesischen und internationalen Wirtschaftspr\u00fcfungsgesellschaften. Nach mehr als 15 Jahren Erfahrung schloss sich Alexandra 2017 dem SORECO-Team an, um das Wachstum des B\u00fcros in Lissabon zu begleiten.<\/p>\n","protected":false},"author":1,"featured_media":0,"parent":0,"menu_order":0,"comment_status":"closed","ping_status":"closed","template":"page-templates\/team.php","meta":{"_acf_changed":false,"inline_featured_image":false,"footnotes":""},"class_list":["post-1323","page","type-page","status-publish","hentry"],"acf":[],"yoast_head":"<!-- This site is optimized with the Yoast SEO plugin v25.0 - https:\/\/yoast.com\/wordpress\/plugins\/seo\/ -->\n<title>Das SORECO-Team: Wirtschaftspr\u00fcfer, vereidigte Buchpr\u00fcfer und Rechtsanw\u00e4lte in Madrid, Mailand, Lissabon und Barcelona.<\/title>\n<meta name=\"description\" content=\"SORECO ist eine Steuerberatungs- und Wirtschaftspr\u00fcfungskanzlei, die im spanischen, portugiesischen unditalienischen Wirtschaftsleben t\u00e4tig ist und seit jeher erfolgreich Verbindungenzu anderen Unternehmen unterh\u00e4lt.\" \/>\n<meta name=\"robots\" content=\"index, follow, max-snippet:-1, max-image-preview:large, max-video-preview:-1\" \/>\n<link rel=\"canonical\" href=\"https:\/\/soreco-group.com\/de\/team\/\" \/>\n<meta property=\"og:locale\" content=\"de_DE\" \/>\n<meta property=\"og:type\" content=\"article\" \/>\n<meta property=\"og:title\" content=\"Das SORECO-Team: Wirtschaftspr\u00fcfer, vereidigte Buchpr\u00fcfer und Rechtsanw\u00e4lte in Madrid, Mailand, Lissabon und Barcelona.\" \/>\n<meta property=\"og:description\" content=\"SORECO ist eine Steuerberatungs- und Wirtschaftspr\u00fcfungskanzlei, die im spanischen, portugiesischen unditalienischen Wirtschaftsleben t\u00e4tig ist und seit jeher erfolgreich Verbindungenzu anderen Unternehmen unterh\u00e4lt.\" \/>\n<meta property=\"og:url\" content=\"https:\/\/soreco-group.com\/de\/team\/\" \/>\n<meta property=\"og:site_name\" content=\"Soreco\" \/>\n<meta property=\"article:modified_time\" content=\"2025-01-22T11:24:49+00:00\" \/>\n<meta name=\"twitter:card\" content=\"summary_large_image\" \/>\n<meta name=\"twitter:label1\" content=\"Gesch\u00e4tzte Lesezeit\" \/>\n\t<meta name=\"twitter:data1\" content=\"1\u00a0Minute\" \/>\n<script type=\"application\/ld+json\" class=\"yoast-schema-graph\">{\"@context\":\"https:\/\/schema.org\",\"@graph\":[{\"@type\":\"WebPage\",\"@id\":\"https:\/\/soreco-group.com\/de\/team\/\",\"url\":\"https:\/\/soreco-group.com\/de\/team\/\",\"name\":\"Das SORECO-Team: Wirtschaftspr\u00fcfer, vereidigte Buchpr\u00fcfer und Rechtsanw\u00e4lte in Madrid, Mailand, Lissabon und Barcelona.\",\"isPartOf\":{\"@id\":\"https:\/\/soreco-group.com\/de\/#website\"},\"datePublished\":\"2022-06-07T15:18:33+00:00\",\"dateModified\":\"2025-01-22T11:24:49+00:00\",\"description\":\"SORECO ist eine Steuerberatungs- und Wirtschaftspr\u00fcfungskanzlei, die im spanischen, portugiesischen unditalienischen Wirtschaftsleben t\u00e4tig ist und seit jeher erfolgreich Verbindungenzu anderen Unternehmen unterh\u00e4lt.\",\"breadcrumb\":{\"@id\":\"https:\/\/soreco-group.com\/de\/team\/#breadcrumb\"},\"inLanguage\":\"de\",\"potentialAction\":[{\"@type\":\"ReadAction\",\"target\":[\"https:\/\/soreco-group.com\/de\/team\/\"]}]},{\"@type\":\"BreadcrumbList\",\"@id\":\"https:\/\/soreco-group.com\/de\/team\/#breadcrumb\",\"itemListElement\":[{\"@type\":\"ListItem\",\"position\":1,\"name\":\"Accueil\",\"item\":\"https:\/\/soreco-group.com\/de\/\"},{\"@type\":\"ListItem\",\"position\":2,\"name\":\"Team\"}]},{\"@type\":\"WebSite\",\"@id\":\"https:\/\/soreco-group.com\/de\/#website\",\"url\":\"https:\/\/soreco-group.com\/de\/\",\"name\":\"Soreco\",\"description\":\"Experts-comptables et avocats en Espagne, en Italie et au Portugal\",\"potentialAction\":[{\"@type\":\"SearchAction\",\"target\":{\"@type\":\"EntryPoint\",\"urlTemplate\":\"https:\/\/soreco-group.com\/de\/?s={search_term_string}\"},\"query-input\":{\"@type\":\"PropertyValueSpecification\",\"valueRequired\":true,\"valueName\":\"search_term_string\"}}],\"inLanguage\":\"de\"}]}<\/script>\n<!-- \/ Yoast SEO plugin. -->","yoast_head_json":{"title":"Das SORECO-Team: Wirtschaftspr\u00fcfer, vereidigte Buchpr\u00fcfer und Rechtsanw\u00e4lte in Madrid, Mailand, Lissabon und Barcelona.","description":"SORECO ist eine Steuerberatungs- und Wirtschaftspr\u00fcfungskanzlei, die im spanischen, portugiesischen unditalienischen Wirtschaftsleben t\u00e4tig ist und seit jeher erfolgreich Verbindungenzu anderen Unternehmen unterh\u00e4lt.","robots":{"index":"index","follow":"follow","max-snippet":"max-snippet:-1","max-image-preview":"max-image-preview:large","max-video-preview":"max-video-preview:-1"},"canonical":"https:\/\/soreco-group.com\/de\/team\/","og_locale":"de_DE","og_type":"article","og_title":"Das SORECO-Team: Wirtschaftspr\u00fcfer, vereidigte Buchpr\u00fcfer und Rechtsanw\u00e4lte in Madrid, Mailand, Lissabon und Barcelona.","og_description":"SORECO ist eine Steuerberatungs- und Wirtschaftspr\u00fcfungskanzlei, die im spanischen, portugiesischen unditalienischen Wirtschaftsleben t\u00e4tig ist und seit jeher erfolgreich Verbindungenzu anderen Unternehmen unterh\u00e4lt.","og_url":"https:\/\/soreco-group.com\/de\/team\/","og_site_name":"Soreco","article_modified_time":"2025-01-22T11:24:49+00:00","twitter_card":"summary_large_image","twitter_misc":{"Gesch\u00e4tzte Lesezeit":"1\u00a0Minute"},"schema":{"@context":"https:\/\/schema.org","@graph":[{"@type":"WebPage","@id":"https:\/\/soreco-group.com\/de\/team\/","url":"https:\/\/soreco-group.com\/de\/team\/","name":"Das SORECO-Team: Wirtschaftspr\u00fcfer, vereidigte Buchpr\u00fcfer und Rechtsanw\u00e4lte in Madrid, Mailand, Lissabon und Barcelona.","isPartOf":{"@id":"https:\/\/soreco-group.com\/de\/#website"},"datePublished":"2022-06-07T15:18:33+00:00","dateModified":"2025-01-22T11:24:49+00:00","description":"SORECO ist eine Steuerberatungs- und Wirtschaftspr\u00fcfungskanzlei, die im spanischen, portugiesischen unditalienischen Wirtschaftsleben t\u00e4tig ist und seit jeher erfolgreich Verbindungenzu anderen Unternehmen unterh\u00e4lt.","breadcrumb":{"@id":"https:\/\/soreco-group.com\/de\/team\/#breadcrumb"},"inLanguage":"de","potentialAction":[{"@type":"ReadAction","target":["https:\/\/soreco-group.com\/de\/team\/"]}]},{"@type":"BreadcrumbList","@id":"https:\/\/soreco-group.com\/de\/team\/#breadcrumb","itemListElement":[{"@type":"ListItem","position":1,"name":"Accueil","item":"https:\/\/soreco-group.com\/de\/"},{"@type":"ListItem","position":2,"name":"Team"}]},{"@type":"WebSite","@id":"https:\/\/soreco-group.com\/de\/#website","url":"https:\/\/soreco-group.com\/de\/","name":"Soreco","description":"Experts-comptables et avocats en Espagne, en Italie et au Portugal","potentialAction":[{"@type":"SearchAction","target":{"@type":"EntryPoint","urlTemplate":"https:\/\/soreco-group.com\/de\/?s={search_term_string}"},"query-input":{"@type":"PropertyValueSpecification","valueRequired":true,"valueName":"search_term_string"}}],"inLanguage":"de"}]}},"_links":{"self":[{"href":"https:\/\/soreco-group.com\/de\/wp-json\/wp\/v2\/pages\/1323","targetHints":{"allow":["GET"]}}],"collection":[{"href":"https:\/\/soreco-group.com\/de\/wp-json\/wp\/v2\/pages"}],"about":[{"href":"https:\/\/soreco-group.com\/de\/wp-json\/wp\/v2\/types\/page"}],"author":[{"embeddable":true,"href":"https:\/\/soreco-group.com\/de\/wp-json\/wp\/v2\/users\/1"}],"replies":[{"embeddable":true,"href":"https:\/\/soreco-group.com\/de\/wp-json\/wp\/v2\/comments?post=1323"}],"version-history":[{"count":17,"href":"https:\/\/soreco-group.com\/de\/wp-json\/wp\/v2\/pages\/1323\/revisions"}],"predecessor-version":[{"id":6886,"href":"https:\/\/soreco-group.com\/de\/wp-json\/wp\/v2\/pages\/1323\/revisions\/6886"}],"wp:attachment":[{"href":"https:\/\/soreco-group.com\/de\/wp-json\/wp\/v2\/media?parent=1323"}],"curies":[{"name":"wp","href":"https:\/\/api.w.org\/{rel}","templated":true}]}}